{"id":65,"date":"2018-11-13T19:25:25","date_gmt":"2018-11-13T18:25:25","guid":{"rendered":"http:\/\/lilipolikb.cluster027.hosting.ovh.net\/?page_id=65"},"modified":"2020-09-13T14:39:39","modified_gmt":"2020-09-13T12:39:39","slug":"la-marque","status":"publish","type":"page","link":"https:\/\/lilipolita.fr\/?page_id=65","title":{"rendered":"La marque"},"content":{"rendered":"\t\t<div data-elementor-type=\"wp-post\" data-elementor-id=\"65\" class=\"elementor elementor-65\">\n\t\t\t\t\t\t\t\t\t<section class=\"elementor-section elementor-top-section elementor-element elementor-element-a276b58 elementor-section-boxed elementor-section-height-default elementor-section-height-default\" data-id=\"a276b58\" data-element_type=\"section\">\n\t\t\t\t\t\t<div class=\"elementor-container elementor-column-gap-default\">\n\t\t\t\t\t<div class=\"elementor-column elementor-col-50 elementor-top-column elementor-element elementor-element-6795f36\" data-id=\"6795f36\" data-element_type=\"column\">\n\t\t\t<div class=\"elementor-widget-wrap elementor-element-populated\">\n\t\t\t\t\t\t\t\t<div class=\"elementor-element elementor-element-5aa1641 elementor-widget elementor-widget-image\" data-id=\"5aa1641\" data-element_type=\"widget\" data-widget_type=\"image.default\">\n\t\t\t\t<div class=\"elementor-widget-container\">\n\t\t\t\t\t\t\t\t\t\t\t\t\t\t\t<img decoding=\"async\" src=\"https:\/\/lilipolita.fr\/wp-content\/uploads\/elementor\/thumbs\/CADRE-TEXTE-1000-1000-e1600001895830-ovenf6987jce84o7yvyzshkz75vgzmys7h1btiihog.jpg\" title=\"CADRE TEXTE 1000 1000\" alt=\"CADRE TEXTE 1000 1000\" loading=\"lazy\" \/>\t\t\t\t\t\t\t\t\t\t\t\t\t\t\t<\/div>\n\t\t\t\t<\/div>\n\t\t\t\t\t<\/div>\n\t\t<\/div>\n\t\t\t\t<div class=\"elementor-column elementor-col-50 elementor-top-column elementor-element elementor-element-4c5b285\" data-id=\"4c5b285\" data-element_type=\"column\">\n\t\t\t<div class=\"elementor-widget-wrap elementor-element-populated\">\n\t\t\t\t\t\t\t\t<div class=\"elementor-element elementor-element-f2efcf9 elementor-widget elementor-widget-text-editor\" data-id=\"f2efcf9\" data-element_type=\"widget\" data-widget_type=\"text-editor.default\">\n\t\t\t\t<div class=\"elementor-widget-container\">\n\t\t\t\t\t\t\t<h2><span style=\"color: #000000;\">Le manifeste<\/span><\/h2><p>LILI POLITA (jolie fleur en basque) est inspir\u00e9e du littoral basque d&rsquo;o\u00fb elle est native.<\/p>\t\t\t\t\t\t<\/div>\n\t\t\t\t<\/div>\n\t\t\t\t\t<\/div>\n\t\t<\/div>\n\t\t\t\t\t\t\t<\/div>\n\t\t<\/section>\n\t\t\t\t<section class=\"elementor-section elementor-top-section elementor-element elementor-element-ba8a288 elementor-section-boxed elementor-section-height-default elementor-section-height-default\" data-id=\"ba8a288\" data-element_type=\"section\">\n\t\t\t\t\t\t<div class=\"elementor-container elementor-column-gap-default\">\n\t\t\t\t\t<div class=\"elementor-column elementor-col-100 elementor-top-column elementor-element elementor-element-e30acf2\" data-id=\"e30acf2\" data-element_type=\"column\">\n\t\t\t<div class=\"elementor-widget-wrap elementor-element-populated\">\n\t\t\t\t\t\t\t\t<div class=\"elementor-element elementor-element-ddf46a0 elementor-widget elementor-widget-spacer\" data-id=\"ddf46a0\" data-element_type=\"widget\" data-widget_type=\"spacer.default\">\n\t\t\t\t<div class=\"elementor-widget-container\">\n\t\t\t\t\t<div class=\"elementor-spacer\">\n\t\t\t<div class=\"elementor-spacer-inner\"><\/div>\n\t\t<\/div>\n\t\t\t\t<\/div>\n\t\t\t\t<\/div>\n\t\t\t\t\t<\/div>\n\t\t<\/div>\n\t\t\t\t\t\t\t<\/div>\n\t\t<\/section>\n\t\t\t\t<section class=\"elementor-section elementor-top-section elementor-element elementor-element-6d57220 elementor-section-boxed elementor-section-height-default elementor-section-height-default\" data-id=\"6d57220\" data-element_type=\"section\">\n\t\t\t\t\t\t<div class=\"elementor-container elementor-column-gap-default\">\n\t\t\t\t\t<div class=\"elementor-column elementor-col-50 elementor-top-column elementor-element elementor-element-bf0f7bb\" data-id=\"bf0f7bb\" data-element_type=\"column\">\n\t\t\t<div class=\"elementor-widget-wrap elementor-element-populated\">\n\t\t\t\t\t\t\t\t<div class=\"elementor-element elementor-element-b1a6551 elementor-widget elementor-widget-spacer\" data-id=\"b1a6551\" data-element_type=\"widget\" data-widget_type=\"spacer.default\">\n\t\t\t\t<div class=\"elementor-widget-container\">\n\t\t\t\t\t<div class=\"elementor-spacer\">\n\t\t\t<div class=\"elementor-spacer-inner\"><\/div>\n\t\t<\/div>\n\t\t\t\t<\/div>\n\t\t\t\t<\/div>\n\t\t\t\t<div class=\"elementor-element elementor-element-2d3e74e elementor-widget elementor-widget-text-editor\" data-id=\"2d3e74e\" data-element_type=\"widget\" data-widget_type=\"text-editor.default\">\n\t\t\t\t<div class=\"elementor-widget-container\">\n\t\t\t\t\t\t\t<h2><span style=\"color: #000000;\">Cr\u00e9ation &amp; production<\/span><\/h2><p>De fabrication fran\u00e7aise, la marque privil\u00e9gie les mati\u00e8res naturelles et le fait mains.<\/p>\t\t\t\t\t\t<\/div>\n\t\t\t\t<\/div>\n\t\t\t\t\t<\/div>\n\t\t<\/div>\n\t\t\t\t<div class=\"elementor-column elementor-col-50 elementor-top-column elementor-element elementor-element-2b694a9\" data-id=\"2b694a9\" data-element_type=\"column\">\n\t\t\t<div class=\"elementor-widget-wrap elementor-element-populated\">\n\t\t\t\t\t\t\t\t<div class=\"elementor-element elementor-element-633f334 elementor-widget elementor-widget-image\" data-id=\"633f334\" data-element_type=\"widget\" data-widget_type=\"image.default\">\n\t\t\t\t<div class=\"elementor-widget-container\">\n\t\t\t\t\t\t\t\t\t\t\t\t\t\t\t<img decoding=\"async\" src=\"https:\/\/lilipolita.fr\/wp-content\/uploads\/elementor\/thumbs\/TRIO-DETAIL-DRAPEAU-BASQUE-PERLES-nz0g16dx7fyagoee325qhimv0lxp3tt1q59rg1bhts.jpg\" title=\"TRIO DETAIL DRAPEAU BASQUE PERLES\" alt=\"TRIO DETAIL DRAPEAU BASQUE PERLES\" loading=\"lazy\" \/>\t\t\t\t\t\t\t\t\t\t\t\t\t\t\t<\/div>\n\t\t\t\t<\/div>\n\t\t\t\t\t<\/div>\n\t\t<\/div>\n\t\t\t\t\t\t\t<\/div>\n\t\t<\/section>\n\t\t\t\t\t\t\t<\/div>\n\t\t","protected":false},"excerpt":{"rendered":"<p>Le manifeste LILI POLITA (jolie fleur en basque) est inspir\u00e9e du littoral basque d&rsquo;o\u00fb elle est native. Cr\u00e9ation &amp; production De fabrication fran\u00e7aise, la marque privil\u00e9gie les mati\u00e8res naturelles et le fait mains.<\/p>\n","protected":false},"author":1,"featured_media":0,"parent":0,"menu_order":0,"comment_status":"closed","ping_status":"closed","template":"","meta":{"footnotes":""},"_links":{"self":[{"href":"https:\/\/lilipolita.fr\/index.php?rest_route=\/wp\/v2\/pages\/65"}],"collection":[{"href":"https:\/\/lilipolita.fr\/index.php?rest_route=\/wp\/v2\/pages"}],"about":[{"href":"https:\/\/lilipolita.fr\/index.php?rest_route=\/wp\/v2\/types\/page"}],"author":[{"embeddable":true,"href":"https:\/\/lilipolita.fr\/index.php?rest_route=\/wp\/v2\/users\/1"}],"replies":[{"embeddable":true,"href":"https:\/\/lilipolita.fr\/index.php?rest_route=%2Fwp%2Fv2%2Fcomments&post=65"}],"version-history":[{"count":5,"href":"https:\/\/lilipolita.fr\/index.php?rest_route=\/wp\/v2\/pages\/65\/revisions"}],"predecessor-version":[{"id":290,"href":"https:\/\/lilipolita.fr\/index.php?rest_route=\/wp\/v2\/pages\/65\/revisions\/290"}],"wp:attachment":[{"href":"https:\/\/lilipolita.fr\/index.php?rest_route=%2Fwp%2Fv2%2Fmedia&parent=65"}],"curies":[{"name":"wp","href":"https:\/\/api.w.org\/{rel}","templated":true}]}}